{"id":2,"date":"2025-06-30T03:14:42","date_gmt":"2025-06-30T03:14:42","guid":{"rendered":"https:\/\/vimobilia.ca\/?page_id=2"},"modified":"2025-07-17T23:47:25","modified_gmt":"2025-07-17T23:47:25","slug":"sample-page","status":"publish","type":"page","link":"https:\/\/vimobilia.ca\/?page_id=2","title":{"rendered":"Sample Page"},"content":{"rendered":"\n<p class=\"has-large-font-size\"><strong>Je m\u2019appelle Steve Vides<\/strong>, <\/p>\n\n\n\n<p class=\"has-medium-font-size\"><strong>Courtier immobilier r\u00e9sidentiel \u00e0 Montr\u00e9al.<\/strong> Avec une connaissance approfondie du march\u00e9 montr\u00e9alais et une v\u00e9ritable passion pour accompagner les gens dans la r\u00e9alisation de leurs projets immobiliers, je m\u2019engage \u00e0 rendre chaque transaction fluide et satisfaisante, que ce soit pour acheter, vendre ou investir.<\/p>\n\n\n\n<p><strong>Pour moi, l\u2019immobilier va bien au-del\u00e0 des propri\u00e9t\u00e9s :<\/strong> il s\u2019agit avant tout de b\u00e2tir des relations de confiance, de comprendre vos besoins uniques et de vous offrir un accompagnement expert \u00e0 chaque \u00e9tape. De l\u2019\u00e9valuation professionnelle aux strat\u00e9gies de mise en march\u00e9, en passant par la n\u00e9gociation et un soutien personnalis\u00e9, ma mission est d\u2019offrir une exp\u00e9rience sur mesure qui inspire confiance et tranquillit\u00e9 d\u2019esprit.<\/p>\n\n\n\n<p>Sur mon site, vous trouverez<strong> ma carte d\u2019affaires virtuelle<\/strong>, un <strong>formulaire<\/strong> ainsi qu\u2019<strong>un calendrier de rendez-vous<\/strong> en ligne, afin de faciliter la prise de contact et simplifier nos \u00e9changes. Chaque client b\u00e9n\u00e9ficie \u00e9galement de mon r\u00e9seau de professionnels de confiance, incluant courtiers hypoth\u00e9caires, inspecteurs et conseillers juridiques, afin que vous soyez bien accompagn\u00e9 \u00e0 chaque \u00e9tape.<\/p>\n\n\n\n<p>Que vous soyez premier acheteur, investisseur exp\u00e9riment\u00e9 ou que vous souhaitiez vendre votre propri\u00e9t\u00e9, je suis l\u00e0 pour vous \u00e9couter, vous guider et d\u00e9fendre vos int\u00e9r\u00eats. Commen\u00e7ons la conversation : dites moi ce qui compte le plus pour vous !<\/p>\n\n\n\n<p class=\"has-white-color has-black-background-color has-text-color has-background has-link-color has-medium-font-size wp-elements-cba3c38b8bf4f1d6f7f757ea9bf95c6d\"><strong>Restez connect\u00e9s : au fil du temps, je publierai des articles en lien avec l\u2019immobilier dans notre r\u00e9gion.<\/strong><\/p>\n\n\n\n<p><\/p>\n","protected":false},"excerpt":{"rendered":"<p>Je m\u2019appelle Steve Vides, Courtier immobilier r\u00e9sidentiel \u00e0 Montr\u00e9al. Avec une connaissance approfondie du march\u00e9 montr\u00e9alais et une v\u00e9ritable passion pour accompagner les gens dans la r\u00e9alisation de leurs projets<\/p>\n<p><a href=\"https:\/\/vimobilia.ca\/?page_id=2\" class=\"av-btn av-btn-secondary av-btn-bubble\">Continue Reading<span class=\"screen-reader-text\">Sample Page<\/span><i class=\"fa fa-arrow-right\"><\/i><span class=\"bubble_effect\"><span class=\"circle top-left\"><\/span><span class=\"circle top-left\"><\/span><span class=\"circle top-left\"><\/span><span class=\"button effect-button\"><\/span><span class=\"circle bottom-right\"><\/span><span class=\"circle bottom-right\"><\/span><span class=\"circle bottom-right\"><\/span><\/span><\/a><\/p>\n","protected":false},"author":1,"featured_media":215,"parent":0,"menu_order":0,"comment_status":"closed","ping_status":"open","template":"","meta":{"content-type":"","footnotes":""},"class_list":["post-2","page","type-page","status-publish","has-post-thumbnail","hentry"],"_links":{"self":[{"href":"https:\/\/vimobilia.ca\/index.php?rest_route=\/wp\/v2\/pages\/2","targetHints":{"allow":["GET"]}}],"collection":[{"href":"https:\/\/vimobilia.ca\/index.php?rest_route=\/wp\/v2\/pages"}],"about":[{"href":"https:\/\/vimobilia.ca\/index.php?rest_route=\/wp\/v2\/types\/page"}],"author":[{"embeddable":true,"href":"https:\/\/vimobilia.ca\/index.php?rest_route=\/wp\/v2\/users\/1"}],"replies":[{"embeddable":true,"href":"https:\/\/vimobilia.ca\/index.php?rest_route=%2Fwp%2Fv2%2Fcomments&post=2"}],"version-history":[{"count":7,"href":"https:\/\/vimobilia.ca\/index.php?rest_route=\/wp\/v2\/pages\/2\/revisions"}],"predecessor-version":[{"id":217,"href":"https:\/\/vimobilia.ca\/index.php?rest_route=\/wp\/v2\/pages\/2\/revisions\/217"}],"wp:featuredmedia":[{"embeddable":true,"href":"https:\/\/vimobilia.ca\/index.php?rest_route=\/wp\/v2\/media\/215"}],"wp:attachment":[{"href":"https:\/\/vimobilia.ca\/index.php?rest_route=%2Fwp%2Fv2%2Fmedia&parent=2"}],"curies":[{"name":"wp","href":"https:\/\/api.w.org\/{rel}","templated":true}]}}